{"id":2,"date":"2022-12-26T18:28:16","date_gmt":"2022-12-26T17:28:16","guid":{"rendered":"http:\/\/citywoodpeckers.fr\/?page_id=2"},"modified":"2025-10-26T12:17:28","modified_gmt":"2025-10-26T11:17:28","slug":"page-d-exemple","status":"publish","type":"page","link":"https:\/\/citywoodpeckers.fr\/","title":{"rendered":"Breaking news !"},"content":{"rendered":"\n<h5 class=\"wp-block-heading\">Sortie de notre nouveau clip &#8220;Feel the devil&#8221;<\/h5>\n\n\n\n<div class=\"wp-block-media-text is-stacked-on-mobile\" style=\"grid-template-columns:47% auto\"><figure class=\"wp-block-media-text__media\"><img loading=\"lazy\" decoding=\"async\" width=\"896\" height=\"900\" src=\"http:\/\/citywoodpeckers.fr\/wp-content\/uploads\/2023\/11\/IMG-20230901-WA0003-1.jpg\" alt=\"\" class=\"wp-image-293 size-full\" srcset=\"https:\/\/citywoodpeckers.fr\/wp-content\/uploads\/2023\/11\/IMG-20230901-WA0003-1.jpg 896w, https:\/\/citywoodpeckers.fr\/wp-content\/uploads\/2023\/11\/IMG-20230901-WA0003-1-300x300.jpg 300w, https:\/\/citywoodpeckers.fr\/wp-content\/uploads\/2023\/11\/IMG-20230901-WA0003-1-150x150.jpg 150w, https:\/\/citywoodpeckers.fr\/wp-content\/uploads\/2023\/11\/IMG-20230901-WA0003-1-768x771.jpg 768w\" sizes=\"auto, (max-width: 896px) 100vw, 896px\" \/><\/figure><div class=\"wp-block-media-text__content\">\n<figure class=\"wp-block-embed is-type-video is-provider-youtube wp-block-embed-youtube wp-embed-aspect-16-9 wp-has-aspect-ratio\"><div class=\"wp-block-embed__wrapper\">\n<iframe loading=\"lazy\" title=\"City Woodpeckers: Feel the devil (clip officiel)\" width=\"880\" height=\"495\" src=\"https:\/\/www.youtube.com\/embed\/bjJuMHl8g2k?feature=oembed\" frameborder=\"0\" allow=\"accelerometer; autoplay; clipboard-write; encrypted-media; gyroscope; picture-in-picture; web-share\" referrerpolicy=\"strict-origin-when-cross-origin\" allowfullscreen><\/iframe>\n<\/div><\/figure>\n\n\n\n<figure class=\"wp-block-embed is-type-rich is-provider-spotify wp-block-embed-spotify wp-embed-aspect-21-9 wp-has-aspect-ratio\"><div class=\"wp-block-embed__wrapper\">\n<iframe title=\"Spotify Embed: Feel the Devil\" style=\"border-radius: 12px\" width=\"100%\" height=\"352\" frameborder=\"0\" allowfullscreen allow=\"autoplay; clipboard-write; encrypted-media; fullscreen; picture-in-picture\" loading=\"lazy\" src=\"https:\/\/open.spotify.com\/embed\/album\/7EaMz0f8F4WerbIEgpU2zL?utm_source=oembed\"><\/iframe>\n<\/div><\/figure>\n<\/div><\/div>\n\n\n\n<h5 class=\"wp-block-heading\">Ils en parlent  ! <\/h5>\n\n\n\n<div class=\"wp-block-media-text is-stacked-on-mobile\"><figure class=\"wp-block-media-text__media\"><img loading=\"lazy\" decoding=\"async\" width=\"1024\" height=\"768\" src=\"https:\/\/citywoodpeckers.fr\/wp-content\/uploads\/2025\/10\/Canut-radio-1024x768.jpg\" alt=\"\" class=\"wp-image-362 size-full\" srcset=\"https:\/\/citywoodpeckers.fr\/wp-content\/uploads\/2025\/10\/Canut-radio-1024x768.jpg 1024w, https:\/\/citywoodpeckers.fr\/wp-content\/uploads\/2025\/10\/Canut-radio-300x225.jpg 300w, https:\/\/citywoodpeckers.fr\/wp-content\/uploads\/2025\/10\/Canut-radio-768x576.jpg 768w, https:\/\/citywoodpeckers.fr\/wp-content\/uploads\/2025\/10\/Canut-radio-440x330.jpg 440w, https:\/\/citywoodpeckers.fr\/wp-content\/uploads\/2025\/10\/Canut-radio-920x690.jpg 920w, https:\/\/citywoodpeckers.fr\/wp-content\/uploads\/2025\/10\/Canut-radio.jpg 1080w\" sizes=\"auto, (max-width: 1024px) 100vw, 1024px\" \/><\/figure><div class=\"wp-block-media-text__content\">\n<figure class=\"wp-block-audio\"><audio controls src=\"https:\/\/blogs.radiocanut.org\/musik-etc\/files\/2025\/10\/city-woodpeckers-19-octobre-2025.mp3\"><\/audio><\/figure>\n\n\n\n<h2 class=\"wp-block-heading\">Radio Canut Lyon &#8211; Podcast<\/h2>\n<\/div><\/div>\n\n\n\n<div class=\"wp-block-columns is-layout-flex wp-container-core-columns-is-layout-9d6595d7 wp-block-columns-is-layout-flex\">\n<div class=\"wp-block-column is-layout-flow wp-block-column-is-layout-flow\">\n<figure class=\"wp-block-embed aligncenter is-type-wp-embed is-provider-bastringue-corp-actualit-s-musicales wp-block-embed-bastringue-corp-actualit-s-musicales\"><div class=\"wp-block-embed__wrapper\">\n<blockquote class=\"wp-embedded-content\" data-secret=\"c0Aku1rHxn\"><a href=\"https:\/\/bastringue.fr\/album-city-woodpeckers-feel-the-devil\">Album\u00a0: City Woodpeckers \u2013 Feel the Devil<\/a><\/blockquote><iframe loading=\"lazy\" class=\"wp-embedded-content\" sandbox=\"allow-scripts\" security=\"restricted\" style=\"position: absolute; visibility: hidden;\" title=\"\u00ab\u00a0Album\u00a0: City Woodpeckers \u2013 Feel the Devil\u00a0\u00bb &#8212; Bastringue Corp - Actualit\u00e9s Musicales\" src=\"https:\/\/bastringue.fr\/album-city-woodpeckers-feel-the-devil\/embed#?secret=COlpn3LII3#?secret=c0Aku1rHxn\" data-secret=\"c0Aku1rHxn\" width=\"600\" height=\"338\" frameborder=\"0\" marginwidth=\"0\" marginheight=\"0\" scrolling=\"no\"><\/iframe>\n<\/div><figcaption class=\"wp-element-caption\">source : Bastringue<\/figcaption><\/figure>\n<\/div>\n\n\n\n<div class=\"wp-block-column is-layout-flow wp-block-column-is-layout-flow\"><div class=\"wp-block-image\">\n<figure data-wp-context=\"{&quot;imageId&quot;:&quot;69df683b3e649&quot;}\" data-wp-interactive=\"core\/image\" data-wp-key=\"69df683b3e649\" class=\"aligncenter size-large is-resized wp-lightbox-container\"><img loading=\"lazy\" decoding=\"async\" width=\"1024\" height=\"895\" data-wp-class--hide=\"state.isContentHidden\" data-wp-class--show=\"state.isContentVisible\" data-wp-init=\"callbacks.setButtonStyles\" data-wp-on--click=\"actions.showLightbox\" data-wp-on--load=\"callbacks.setButtonStyles\" data-wp-on-window--resize=\"callbacks.setButtonStyles\" src=\"http:\/\/citywoodpeckers.fr\/wp-content\/uploads\/2023\/11\/370213443_2018574218510008_6737962210984566237_n-1024x895.jpg\" alt=\"\" class=\"wp-image-322\" style=\"width:624px;height:auto\" srcset=\"https:\/\/citywoodpeckers.fr\/wp-content\/uploads\/2023\/11\/370213443_2018574218510008_6737962210984566237_n-1024x895.jpg 1024w, https:\/\/citywoodpeckers.fr\/wp-content\/uploads\/2023\/11\/370213443_2018574218510008_6737962210984566237_n-300x262.jpg 300w, https:\/\/citywoodpeckers.fr\/wp-content\/uploads\/2023\/11\/370213443_2018574218510008_6737962210984566237_n-768x672.jpg 768w, https:\/\/citywoodpeckers.fr\/wp-content\/uploads\/2023\/11\/370213443_2018574218510008_6737962210984566237_n.jpg 1242w\" sizes=\"auto, (max-width: 1024px) 100vw, 1024px\" \/><button\n\t\t\tclass=\"lightbox-trigger\"\n\t\t\ttype=\"button\"\n\t\t\taria-haspopup=\"dialog\"\n\t\t\taria-label=\"Enlarge\"\n\t\t\tdata-wp-init=\"callbacks.initTriggerButton\"\n\t\t\tdata-wp-on--click=\"actions.showLightbox\"\n\t\t\tdata-wp-style--right=\"state.imageButtonRight\"\n\t\t\tdata-wp-style--top=\"state.imageButtonTop\"\n\t\t>\n\t\t\t<svg xmlns=\"http:\/\/www.w3.org\/2000\/svg\" width=\"12\" height=\"12\" fill=\"none\" viewBox=\"0 0 12 12\">\n\t\t\t\t<path fill=\"#fff\" d=\"M2 0a2 2 0 0 0-2 2v2h1.5V2a.5.5 0 0 1 .5-.5h2V0H2Zm2 10.5H2a.5.5 0 0 1-.5-.5V8H0v2a2 2 0 0 0 2 2h2v-1.5ZM8 12v-1.5h2a.5.5 0 0 0 .5-.5V8H12v2a2 2 0 0 1-2 2H8Zm2-12a2 2 0 0 1 2 2v2h-1.5V2a.5.5 0 0 0-.5-.5H8V0h2Z\" \/>\n\t\t\t<\/svg>\n\t\t<\/button><figcaption class=\"wp-element-caption\"><em>source : Le Dauphin\u00e9 Lib\u00e9r\u00e9<\/em><\/figcaption><\/figure>\n<\/div>\n\n\n<figure class=\"wp-block-image size-full is-resized\"><a href=\"http:\/\/fp.nightfall.fr\/index_17389_city-woodpeckers-feel-the-devil.html\" target=\"_blank\" rel=\"noreferrer noopener\"><img loading=\"lazy\" decoding=\"async\" width=\"900\" height=\"227\" src=\"https:\/\/citywoodpeckers.fr\/wp-content\/uploads\/2023\/11\/forces-1.jpg\" alt=\"\" class=\"wp-image-282\" style=\"width:576px;height:auto\" srcset=\"https:\/\/citywoodpeckers.fr\/wp-content\/uploads\/2023\/11\/forces-1.jpg 900w, https:\/\/citywoodpeckers.fr\/wp-content\/uploads\/2023\/11\/forces-1-300x76.jpg 300w, https:\/\/citywoodpeckers.fr\/wp-content\/uploads\/2023\/11\/forces-1-768x194.jpg 768w\" sizes=\"auto, (max-width: 900px) 100vw, 900px\" \/><\/a><figcaption class=\"wp-element-caption\"><em>source : Forces Parall\u00e8les<\/em><\/figcaption><\/figure>\n<\/div>\n<\/div>\n\n\n\n<div class=\"wp-block-media-text is-stacked-on-mobile\" style=\"grid-template-columns:38% auto\"><figure class=\"wp-block-media-text__media\"><img loading=\"lazy\" decoding=\"async\" width=\"624\" height=\"849\" src=\"https:\/\/citywoodpeckers.fr\/wp-content\/uploads\/2023\/12\/Punk-Goes-Pop_New.jpg\" alt=\"\" class=\"wp-image-353 size-full\" srcset=\"https:\/\/citywoodpeckers.fr\/wp-content\/uploads\/2023\/12\/Punk-Goes-Pop_New.jpg 624w, https:\/\/citywoodpeckers.fr\/wp-content\/uploads\/2023\/12\/Punk-Goes-Pop_New-220x300.jpg 220w\" sizes=\"auto, (max-width: 624px) 100vw, 624px\" \/><\/figure><div class=\"wp-block-media-text__content\">\n<p><\/p>\n\n\n\n<p><\/p>\n\n\n\n<p>Magnifique retour de \u00ab&nbsp;Punk goes pop sur Groover&nbsp;\u00bb, une playlist am\u00e9ricaine :<\/p>\n\n\n\n<p class=\"has-extra-small-font-size\"> \u00ab Feel the Devil \u00bb est tout simplement bouleversant ! L\u2019\u00e9nergie palpitante de ce morceau est contagieuse, nous emmenant dans un voyage sonore \u00e0 la fois brut et puissant. Vous avez r\u00e9ussi \u00e0 canaliser l\u2019essence du rock d\u2019une mani\u00e8re qui r\u00e9sonne avec une incroyable authenticit\u00e9. L&#8217;histoire derri\u00e8re la renaissance du groupe depuis 2015, avec le retour de la formation originale de 1989, ajoute une couche suppl\u00e9mentaire de sens \u00e0 la chanson. Ce voyage de plusieurs d\u00e9cennies \u00e0 travers la sc\u00e8ne musicale fran\u00e7aise, jouant sur de grandes sc\u00e8nes et partageant l&#8217;\u00e9nergie du rock avec des publics divers, est palpable dans chaque accord de &#8220;Feel the Devil&#8221;. <\/p>\n\n\n\n<blockquote class=\"wp-block-quote is-layout-flow wp-block-quote-is-layout-flow\">\n<p class=\"has-extra-small-font-size\">Beaucoup de r\u00e9ussite \u00e0 vous !<\/p>\n<cite>Punk Goes Pop Vol. II &#8211; 2023<\/cite><\/blockquote>\n<\/div><\/div>\n\n\n\n<hr class=\"wp-block-separator alignfull has-alpha-channel-opacity has-blush-bordeaux-gradient-background has-background is-style-wide\"\/>\n\n\n\n<blockquote class=\"wp-block-quote is-layout-flow wp-block-quote-is-layout-flow\">\n<p>Clip featuring Marianne James, what a beautiful day !<\/p>\n\n\n\n<h4 class=\"wp-block-heading has-text-align-left\">Toujours \u00e0 l&#8217;\u00e9coute &#8230;<\/h4>\n<\/blockquote>\n\n\n\n<div class=\"wp-block-media-text is-stacked-on-mobile\" style=\"grid-template-columns:47% auto\"><figure class=\"wp-block-media-text__media\"><img loading=\"lazy\" decoding=\"async\" width=\"250\" height=\"249\" src=\"http:\/\/citywoodpeckers.fr\/wp-content\/uploads\/2022\/12\/rock-CITY-WOODPECKERS-e1672325285657.jpeg\" alt=\"\" class=\"wp-image-48 size-full\" srcset=\"https:\/\/citywoodpeckers.fr\/wp-content\/uploads\/2022\/12\/rock-CITY-WOODPECKERS-e1672325285657.jpeg 250w, https:\/\/citywoodpeckers.fr\/wp-content\/uploads\/2022\/12\/rock-CITY-WOODPECKERS-e1672325285657-150x150.jpeg 150w\" sizes=\"auto, (max-width: 250px) 100vw, 250px\" \/><\/figure><div class=\"wp-block-media-text__content\">\n<figure class=\"wp-block-embed is-type-video is-provider-youtube wp-block-embed-youtube wp-embed-aspect-16-9 wp-has-aspect-ratio\"><div class=\"wp-block-embed__wrapper\">\n<iframe loading=\"lazy\" title=\"City Woodpeckers - Beautiful day (Music video)\" width=\"880\" height=\"495\" src=\"https:\/\/www.youtube.com\/embed\/F2eGeu0bYGE?feature=oembed\" frameborder=\"0\" allow=\"accelerometer; autoplay; clipboard-write; encrypted-media; gyroscope; picture-in-picture; web-share\" referrerpolicy=\"strict-origin-when-cross-origin\" allowfullscreen><\/iframe>\n<\/div><\/figure>\n\n\n\n<figure class=\"wp-block-embed is-type-rich is-provider-spotify wp-block-embed-spotify wp-embed-aspect-21-9 wp-has-aspect-ratio\"><div class=\"wp-block-embed__wrapper\">\n<iframe title=\"Spotify Embed: Some Days\" style=\"border-radius: 12px\" width=\"100%\" height=\"352\" frameborder=\"0\" allowfullscreen allow=\"autoplay; clipboard-write; encrypted-media; fullscreen; picture-in-picture\" loading=\"lazy\" src=\"https:\/\/open.spotify.com\/embed\/album\/5rvdLt2xMpePxqAWf2jAe5?utm_source=oembed\"><\/iframe>\n<\/div><\/figure>\n<\/div><\/div>\n\n\n\n<hr class=\"wp-block-separator alignfull has-alpha-channel-opacity has-blush-bordeaux-gradient-background has-background is-style-wide\"\/>\n\n\n\n<h2 class=\"wp-block-heading\">Les city<\/h2>\n\n\n<div id=\"awsm-team-11\" class=\"awsm-grid-wrapper\">\n\t\t\t<div class=\"awsm-grid cards-style style-3 grid-4-col \">\n\t\t\t\t\t\t<div id=\"awsm-member-11-15\" class=\"awsm-grid-card\">\n\t\t\t\t   <figure>\n\t\t\t\t\t\t<img loading=\"lazy\" decoding=\"async\" width=\"500\" height=\"500\" src=\"https:\/\/citywoodpeckers.fr\/wp-content\/uploads\/2022\/12\/16-CITY-118-500x500.jpg\" class=\"attachment-awsm_team size-awsm_team wp-post-image\" alt=\"\" srcset=\"https:\/\/citywoodpeckers.fr\/wp-content\/uploads\/2022\/12\/16-CITY-118-500x500.jpg 500w, https:\/\/citywoodpeckers.fr\/wp-content\/uploads\/2022\/12\/16-CITY-118-150x150.jpg 150w, https:\/\/citywoodpeckers.fr\/wp-content\/uploads\/2022\/12\/16-CITY-118-666x666.jpg 666w\" sizes=\"auto, (max-width: 500px) 100vw, 500px\" \/>\t\t\t\t\t\t <figcaption class=\"awsm-figcaption\">\n\t\t\t\t\t\t\t<div class=\"awsm-personal-info\"><h3>Franky<\/h3><span>Chanteur<\/span><\/div>\t\t\t\t\t\t\t<div class=\"awsm-contact-info\">\n\t\t\t\t\t\t\t\t<p>\"Voil\u00e0 plus de 20 ans que je chante avec les city, une vraie famille !\"<\/p>\t\t\t\t\t\t\t<\/div> <!-- .awsm-contact-info -->\n\t\t\t\t\t\t\t\t\t\t\t\t\t <\/figcaption>\n\t\t\t\t\t  <!-- <\/span> -->\n\t\t\t\t   <\/figure>\n\t\t\t\t<\/div>\n\t\t\t\t\t\t\t<div id=\"awsm-member-11-14\" class=\"awsm-grid-card\">\n\t\t\t\t   <figure>\n\t\t\t\t\t\t<img loading=\"lazy\" decoding=\"async\" width=\"500\" height=\"500\" src=\"https:\/\/citywoodpeckers.fr\/wp-content\/uploads\/2022\/12\/16-CITY-126-500x500.jpg\" class=\"attachment-awsm_team size-awsm_team wp-post-image\" alt=\"\" srcset=\"https:\/\/citywoodpeckers.fr\/wp-content\/uploads\/2022\/12\/16-CITY-126-500x500.jpg 500w, https:\/\/citywoodpeckers.fr\/wp-content\/uploads\/2022\/12\/16-CITY-126-150x150.jpg 150w, https:\/\/citywoodpeckers.fr\/wp-content\/uploads\/2022\/12\/16-CITY-126-666x666.jpg 666w\" sizes=\"auto, (max-width: 500px) 100vw, 500px\" \/>\t\t\t\t\t\t <figcaption class=\"awsm-figcaption\">\n\t\t\t\t\t\t\t<div class=\"awsm-personal-info\"><h3>Jacko<\/h3><span>Batteur<\/span><\/div>\t\t\t\t\t\t\t<div class=\"awsm-contact-info\">\n\t\t\t\t\t\t\t\t<p>\"Je suis le batteur du groupe, le rythme c'est mon rayon\"<\/p>\t\t\t\t\t\t\t<\/div> <!-- .awsm-contact-info -->\n\t\t\t\t\t\t\t\t\t\t\t\t\t <\/figcaption>\n\t\t\t\t\t  <!-- <\/span> -->\n\t\t\t\t   <\/figure>\n\t\t\t\t<\/div>\n\t\t\t\t\t\t\t<div id=\"awsm-member-11-13\" class=\"awsm-grid-card\">\n\t\t\t\t   <figure>\n\t\t\t\t\t\t<img loading=\"lazy\" decoding=\"async\" width=\"500\" height=\"500\" src=\"https:\/\/citywoodpeckers.fr\/wp-content\/uploads\/2022\/12\/16-CITY-127-500x500.jpg\" class=\"attachment-awsm_team size-awsm_team wp-post-image\" alt=\"\" srcset=\"https:\/\/citywoodpeckers.fr\/wp-content\/uploads\/2022\/12\/16-CITY-127-500x500.jpg 500w, https:\/\/citywoodpeckers.fr\/wp-content\/uploads\/2022\/12\/16-CITY-127-150x150.jpg 150w, https:\/\/citywoodpeckers.fr\/wp-content\/uploads\/2022\/12\/16-CITY-127-666x666.jpg 666w\" sizes=\"auto, (max-width: 500px) 100vw, 500px\" \/>\t\t\t\t\t\t <figcaption class=\"awsm-figcaption\">\n\t\t\t\t\t\t\t<div class=\"awsm-personal-info\"><h3>Bubu<\/h3><span>Lead guitar<\/span><\/div>\t\t\t\t\t\t\t<div class=\"awsm-contact-info\">\n\t\t\t\t\t\t\t\t<p>\"Le rock et moi c'est une histoire aussi vieille que moi ! Je vais pas rentrer dans le d\u00e9tail ...\"<\/p>\t\t\t\t\t\t\t<\/div> <!-- .awsm-contact-info -->\n\t\t\t\t\t\t\t\t\t\t\t\t\t <\/figcaption>\n\t\t\t\t\t  <!-- <\/span> -->\n\t\t\t\t   <\/figure>\n\t\t\t\t<\/div>\n\t\t\t\t\t\t\t<div id=\"awsm-member-11-12\" class=\"awsm-grid-card\">\n\t\t\t\t   <figure>\n\t\t\t\t\t\t<img loading=\"lazy\" decoding=\"async\" width=\"500\" height=\"500\" src=\"https:\/\/citywoodpeckers.fr\/wp-content\/uploads\/2022\/12\/16-CITY-121-500x500.jpg\" class=\"attachment-awsm_team size-awsm_team wp-post-image\" alt=\"\" srcset=\"https:\/\/citywoodpeckers.fr\/wp-content\/uploads\/2022\/12\/16-CITY-121-500x500.jpg 500w, https:\/\/citywoodpeckers.fr\/wp-content\/uploads\/2022\/12\/16-CITY-121-150x150.jpg 150w, https:\/\/citywoodpeckers.fr\/wp-content\/uploads\/2022\/12\/16-CITY-121-666x666.jpg 666w\" sizes=\"auto, (max-width: 500px) 100vw, 500px\" \/>\t\t\t\t\t\t <figcaption class=\"awsm-figcaption\">\n\t\t\t\t\t\t\t<div class=\"awsm-personal-info\"><h3>Jo<\/h3><span>Bassiste<\/span><\/div>\t\t\t\t\t\t\t<div class=\"awsm-contact-info\">\n\t\t\t\t\t\t\t\t<p>\"Dong dong ! les gros caissons et la grosse corde c'est ici que \u00e7a se passe. Chaud devant \u00e7a bouscule.\"<\/p>\t\t\t\t\t\t\t<\/div> <!-- .awsm-contact-info -->\n\t\t\t\t\t\t\t\t\t\t\t\t\t <\/figcaption>\n\t\t\t\t\t  <!-- <\/span> -->\n\t\t\t\t   <\/figure>\n\t\t\t\t<\/div>\n\t\t\t\t\t<\/div><!-- .grid -->\n\t\t<\/div>\n\n\n\n\n<h4 class=\"wp-block-heading\">En image &#8230;<\/h4>\n\n\n<div id=\"metaslider-id-72\" style=\"width: 100%; margin: 0 auto;\" class=\"ml-slider-3-106-0 metaslider metaslider-flex metaslider-72 ml-slider has-dots-nav ms-theme-outline\" role=\"region\" aria-label=\"Nouveau diaporama\" data-height=\"800\" data-width=\"1240\">\n    <div id=\"metaslider_container_72\">\n        <div id=\"metaslider_72\">\n            <ul class='slides'>\n                <li style=\"display: block; width: 100%;\" class=\"slide-73 ms-image \" aria-roledescription=\"slide\" data-date=\"2022-12-29 16:19:36\" data-filename=\"16-CITY-27-scaled-1240x800.jpg\" data-slide-type=\"image\"><img loading=\"lazy\" decoding=\"async\" src=\"https:\/\/citywoodpeckers.fr\/wp-content\/uploads\/2022\/12\/16-CITY-27-scaled-1240x800.jpg\" height=\"800\" width=\"1240\" alt=\"\" class=\"slider-72 slide-73 msDefaultImage\" title=\"16 CITY-27\" \/><\/li>\n                <li style=\"display: none; width: 100%;\" class=\"slide-74 ms-image \" aria-roledescription=\"slide\" data-date=\"2022-12-29 16:19:36\" data-filename=\"16-CITY-63-scaled-1240x800.jpg\" data-slide-type=\"image\"><img loading=\"lazy\" decoding=\"async\" src=\"https:\/\/citywoodpeckers.fr\/wp-content\/uploads\/2022\/12\/16-CITY-63-scaled-1240x800.jpg\" height=\"800\" width=\"1240\" alt=\"\" class=\"slider-72 slide-74 msDefaultImage\" title=\"16 CITY-63\" \/><\/li>\n                <li style=\"display: none; width: 100%;\" class=\"slide-75 ms-image \" aria-roledescription=\"slide\" data-date=\"2022-12-29 16:19:36\" data-filename=\"16-CITY-92-scaled-1240x800.jpg\" data-slide-type=\"image\"><img loading=\"lazy\" decoding=\"async\" src=\"https:\/\/citywoodpeckers.fr\/wp-content\/uploads\/2022\/12\/16-CITY-92-scaled-1240x800.jpg\" height=\"800\" width=\"1240\" alt=\"\" class=\"slider-72 slide-75 msDefaultImage\" title=\"16 CITY-92\" \/><\/li>\n                <li style=\"display: none; width: 100%;\" class=\"slide-76 ms-image \" aria-roledescription=\"slide\" data-date=\"2022-12-29 16:19:36\" data-filename=\"16-CITY-24-scaled-1240x800.jpg\" data-slide-type=\"image\"><img loading=\"lazy\" decoding=\"async\" src=\"https:\/\/citywoodpeckers.fr\/wp-content\/uploads\/2022\/12\/16-CITY-24-scaled-1240x800.jpg\" height=\"800\" width=\"1240\" alt=\"\" class=\"slider-72 slide-76 msDefaultImage\" title=\"Shooting - Vezin\" \/><\/li>\n            <\/ul>\n        <\/div>\n        \n    <\/div>\n<\/div>\n\n\n\n<hr class=\"wp-block-separator alignfull has-alpha-channel-opacity has-blush-bordeaux-gradient-background has-background is-style-wide\"\/>\n\n\n\n<h4 class=\"wp-block-heading\">Nos concerts<\/h4>\n\n\n\n<div style=\"background-color: #ffffff\"> <a class=\"bit-widget-initializer\" data-artist-name=\"id_13048967\" data-background-color=\"rgba(0,0,0,1)\" data-separator-color=\"rgba(250,5,5,1)\" data-text-color=\"#FFFFFF\" data-font=\"Helvetica\" data-auto-style=\"true\" data-button-label-capitalization=\"capitalize\" data-header-capitalization=\"\" data-location-capitalization=\"capitalize\" data-venue-capitalization=\"capitalize\" data-display-local-dates=\"false\" data-local-dates-position=\"tab\" data-display-past-dates=\"true\" data-display-details=\"true\" data-display-lineup=\"true\" data-display-start-time=\"true\" data-social-share-icon=\"false\" data-display-limit=\"all\" data-date-format=\"MMM. DD YYYY\" data-date-orientation=\"vertical\" data-date-border-color=\"rgba(252,4,4,1)\" data-date-border-width=\"2px\" data-date-capitalization=\"\" data-date-border-radius=\"10px\" data-event-ticket-cta-size=\"medium\" data-event-custom-ticket-text=\"\" data-event-ticket-text=\"TICKETS\" data-event-ticket-icon=\"hidden\" data-event-ticket-cta-text-color=\"#FFFFFF\" data-event-ticket-cta-bg-color=\"#4A4A4A\" data-event-ticket-cta-border-color=\"#4A4A4A\" data-event-ticket-cta-border-width=\"0px\" data-event-ticket-cta-border-radius=\"4px\" data-sold-out-button-text-color=\"#FFFFFF\" data-sold-out-button-background-color=\"#4A4A4A\" data-sold-out-button-border-color=\"#4A4A4A\" data-sold-out-button-clickable=\"false\" data-event-rsvp-position=\"hidden\" data-event-rsvp-cta-size=\"medium\" data-event-rsvp-only-show-icon=\"false\" data-event-rsvp-text=\"REMIND ME\" data-event-rsvp-icon=\"false\" data-event-rsvp-cta-text-color=\"#4A4A4A\" data-event-rsvp-cta-bg-color=\"#FFFFFF\" data-event-rsvp-cta-border-color=\"#4A4A4A\" data-event-rsvp-cta-border-width=\"1px\" data-event-rsvp-cta-border-radius=\"4px\" data-follow-section-position=\"hidden\" data-follow-section-alignment=\"center\" data-follow-section-header-text=\"Get updates on new shows, new music, and more.\" data-follow-section-cta-size=\"medium\" data-follow-section-cta-text=\"FOLLOW\" data-follow-section-cta-icon=\"false\" data-follow-section-cta-text-color=\"#FFFFFF\" data-follow-section-cta-bg-color=\"#FFFFFF\" data-follow-section-cta-border-color=\"#4A4A4A\" data-follow-section-cta-border-width=\"0px\" data-follow-section-cta-border-radius=\"4px\" data-play-my-city-position=\"hidden\" data-play-my-city-alignment=\"Center\" data-play-my-city-header-text=\"Don\u2019t see a show near you?\" data-play-my-city-cta-size=\"medium\" data-play-my-city-cta-text=\"REQUEST A SHOW\" data-play-my-city-cta-icon=\"false\" data-play-my-city-cta-text-color=\"#FFFFFF\" data-play-my-city-cta-bg-color=\"#FFFFFF\" data-play-my-city-cta-border-color=\"#4A4A4A\" data-play-my-city-cta-border-width=\"0px\" data-play-my-city-cta-border-radius=\"4px\" data-optin-font=\"\" data-optin-text-color=\"\" data-optin-bg-color=\"\" data-optin-cta-text-color=\"\" data-optin-cta-bg-color=\"\" data-optin-cta-border-width=\"\" data-optin-cta-border-radius=\"\" data-optin-cta-border-color=\"\" data-language=\"fr\" data-layout-breakpoint=\"900\" data-app-id=\"\" data-affil-code=\"\" data-bit-logo-position=\"hidden\" data-bit-logo-color=\"rgba(246,246,246,1)\"><\/a><\/div>\n\n\n\n<p><\/p>\n","protected":false},"excerpt":{"rendered":"<p>Sortie de notre nouveau clip &#8220;Feel the devil&#8221; Ils en parlent ! Clip featuring Marianne James, what a beautiful day<\/p>\n<p><a href=\"https:\/\/citywoodpeckers.fr\/index.php\/awsm_team_member\/jo\/\" class=\"more-link\">Continue reading<span class=\"screen-reader-text\">Jo<\/span><\/a><\/p>\n","protected":false},"author":1,"featured_media":0,"parent":0,"menu_order":0,"comment_status":"closed","ping_status":"open","template":"templates\/full-width-page.php","meta":{"footnotes":""},"class_list":["post-2","page","type-page","status-publish","hentry"],"_links":{"self":[{"href":"https:\/\/citywoodpeckers.fr\/index.php\/wp-json\/wp\/v2\/pages\/2","targetHints":{"allow":["GET"]}}],"collection":[{"href":"https:\/\/citywoodpeckers.fr\/index.php\/wp-json\/wp\/v2\/pages"}],"about":[{"href":"https:\/\/citywoodpeckers.fr\/index.php\/wp-json\/wp\/v2\/types\/page"}],"author":[{"embeddable":true,"href":"https:\/\/citywoodpeckers.fr\/index.php\/wp-json\/wp\/v2\/users\/1"}],"replies":[{"embeddable":true,"href":"https:\/\/citywoodpeckers.fr\/index.php\/wp-json\/wp\/v2\/comments?post=2"}],"version-history":[{"count":98,"href":"https:\/\/citywoodpeckers.fr\/index.php\/wp-json\/wp\/v2\/pages\/2\/revisions"}],"predecessor-version":[{"id":363,"href":"https:\/\/citywoodpeckers.fr\/index.php\/wp-json\/wp\/v2\/pages\/2\/revisions\/363"}],"wp:attachment":[{"href":"https:\/\/citywoodpeckers.fr\/index.php\/wp-json\/wp\/v2\/media?parent=2"}],"curies":[{"name":"wp","href":"https:\/\/api.w.org\/{rel}","templated":true}]}}